{"id":451,"date":"2016-04-29T10:52:57","date_gmt":"2016-04-29T10:52:57","guid":{"rendered":"http:\/\/www.cssigniter.com\/preview\/oscillator\/?page_id=451"},"modified":"2025-08-02T13:50:02","modified_gmt":"2025-08-02T11:50:02","slug":"o-nama","status":"publish","type":"page","link":"https:\/\/only.com.hr\/produkcija\/o-nama\/","title":{"rendered":"O nama"},"content":{"rendered":"<p><img fetchpriority=\"high\" decoding=\"async\" class=\"size-full wp-image-758 alignleft\" src=\"https:\/\/only.com.hr\/produkcija\/wp-content\/uploads\/2025\/08\/o-nama.jpg\" alt=\"\" width=\"250\" height=\"250\" \/> Only Records, izdava\u010dka ku\u0107a \u010dija je djelatnost naklada zvuka i slike, osnovana 2015. godine.<\/p>\n<p>Koncipira svoju djelatnost prvenstveno kao suvremena diskografska ku\u0107a koja prema visokim profesionalnim kriterijima nosa\u010da zvuka i slike promovira glazbeno stvarala\u0161tvo, potvr\u0111uju\u0107i svoju dinami\u010dnu nazo\u010dnost u suvremenim glazbenim tijekovima.<\/p>\n<p>Okuplja glazbene umjetnike (autore glazbe i teksta), producente (aran\u017eere), dizajnere i izvo\u0111a\u010de. Djeluje u svim segmentima glazbenog stvarala\u0161tva. Diskografska ku\u0107a je aktivna u razli\u010ditim podru\u010djima procesa stvaranja sadr\u017eaja i marketinga tih sadr\u017eaja.<\/p>\n<p>Upravo je to mjesto gdje s autorima, izvo\u0111a\u010dima, producentima, i dizajnerima dogovaramo glazbena izdanja , osmi\u0161ljavamo nastup na tr\u017ei\u0161tu, promotivne aktivnosti, pru\u017eamo logisti\u010dku potporu na\u0161im suradnicima, brinemo o administrativnim poslovima, poveznica smo unutar na\u0161e mre\u017ee poslovnih partnera, izme\u0111u autora, izvo\u0111a\u010da, i institucija zadu\u017eenih za za\u0161titu glazbenog djela i ostalih prava u podru\u010dju glazbenog stvarala\u0161tva.<\/p>\n<p>Only Records bavi se proizvodnjom fonograma i nositelj je fonogramskih prava (master prava), bavi se kori\u0161tenjem i trgovinom ovim pravima u glazbenoj industriji.<\/p>\n<p>Osim nakladni\u010dke djelatnosti, pru\u017eamo i ostale usluge:<br \/>\n1. studijsko snimanje u novoopremljenom studiju. Nudimo nova master snimanja i remastering uz stru\u010dno vodstvo na\u0161ih tonskih majstora<br \/>\n2. usluge snimanja vrhunskih fotografija<br \/>\n3. usluge osmi\u0161ljavanja vizualnog identiteta. Vizualni identitet ukju\u010duje likovno rje\u0161enje, prikupljanje slika, fotografija i zapisa (tekstova) za izdanje<br \/>\n4. glazbeno licenciranje (publishing i master prava)<\/p>\n","protected":false},"excerpt":{"rendered":"<p>Only Records, izdava\u010dka ku\u0107a \u010dija je djelatnost naklada zvuka i slike, osnovana 2015. godine. Koncipira svoju djelatnost prvenstveno kao suvremena diskografska ku\u0107a koja prema visokim profesionalnim kriterijima nosa\u010da zvuka i slike promovira glazbeno stvarala\u0161tvo, potvr\u0111uju\u0107i svoju dinami\u010dnu nazo\u010dnost u suvremenim glazbenim tijekovima. Okuplja glazbene umjetnike (autore glazbe i teksta), producente (aran\u017eere), dizajnere i izvo\u0111a\u010de. Djeluje [&hellip;]<\/p>\n","protected":false},"author":1,"featured_media":0,"parent":0,"menu_order":0,"comment_status":"closed","ping_status":"closed","template":"","meta":{"_aioseop_title":"","_aioseop_description":"","iawp_total_views":2,"footnotes":""},"class_list":["post-451","page","type-page","status-publish"],"_links":{"self":[{"href":"https:\/\/only.com.hr\/produkcija\/wp-json\/wp\/v2\/pages\/451","targetHints":{"allow":["GET"]}}],"collection":[{"href":"https:\/\/only.com.hr\/produkcija\/wp-json\/wp\/v2\/pages"}],"about":[{"href":"https:\/\/only.com.hr\/produkcija\/wp-json\/wp\/v2\/types\/page"}],"author":[{"embeddable":true,"href":"https:\/\/only.com.hr\/produkcija\/wp-json\/wp\/v2\/users\/1"}],"replies":[{"embeddable":true,"href":"https:\/\/only.com.hr\/produkcija\/wp-json\/wp\/v2\/comments?post=451"}],"version-history":[{"count":2,"href":"https:\/\/only.com.hr\/produkcija\/wp-json\/wp\/v2\/pages\/451\/revisions"}],"predecessor-version":[{"id":582,"href":"https:\/\/only.com.hr\/produkcija\/wp-json\/wp\/v2\/pages\/451\/revisions\/582"}],"wp:attachment":[{"href":"https:\/\/only.com.hr\/produkcija\/wp-json\/wp\/v2\/media?parent=451"}],"curies":[{"name":"wp","href":"https:\/\/api.w.org\/{rel}","templated":true}]}}