{"id":644,"date":"2025-08-03T12:13:14","date_gmt":"2025-08-03T10:13:14","guid":{"rendered":"https:\/\/only.com.hr\/koncerti\/?page_id=644"},"modified":"2025-08-05T02:27:22","modified_gmt":"2025-08-05T00:27:22","slug":"prijavi-se","status":"publish","type":"page","link":"https:\/\/only.com.hr\/koncerti\/prijavi-se\/","title":{"rendered":"Prijavi se"},"content":{"rendered":"<p>Prijavi se, postani na\u0161 novi izvo\u0111a\u010d i napravi prvi korak prema velikoj pozornici. Na\u0161i djelatnici \u0107e Vas kontaktirati u \u0161to je mogu\u0107e kra\u0107em roku. Zajedno \u0107emo kreirati budu\u0107nost. Polja ozna\u010dena zvjezdicom (*) obavezno je ispuniti.  <\/p>\n\n<div class=\"wpcf7 no-js\" id=\"wpcf7-f643-o1\" lang=\"hr\" dir=\"ltr\" data-wpcf7-id=\"643\">\n<div class=\"screen-reader-response\"><p role=\"status\" aria-live=\"polite\" aria-atomic=\"true\"><\/p> <ul><\/ul><\/div>\n<form action=\"\/koncerti\/wp-json\/wp\/v2\/pages\/644#wpcf7-f643-o1\" method=\"post\" class=\"wpcf7-form init\" aria-label=\"Kontakt obrazac\" novalidate=\"novalidate\" data-status=\"init\">\n<fieldset class=\"hidden-fields-container\"><input type=\"hidden\" name=\"_wpcf7\" value=\"643\" \/><input type=\"hidden\" name=\"_wpcf7_version\" value=\"6.1\" \/><input type=\"hidden\" name=\"_wpcf7_locale\" value=\"hr\" \/><input type=\"hidden\" name=\"_wpcf7_unit_tag\" value=\"wpcf7-f643-o1\" \/><input type=\"hidden\" name=\"_wpcf7_container_post\" value=\"0\" \/><input type=\"hidden\" name=\"_wpcf7_posted_data_hash\" value=\"\" \/>\n<\/fieldset>\n<div class=\"wpcf7-turnstile cf-turnstile\" data-sitekey=\"0x4AAAAAABnxuG4SFzhXGxV4\" data-response-field-name=\"_wpcf7_turnstile_response\"><\/div>\n\n<p>Ime i Prezime*:\n<\/p>\n<p><span class=\"wpcf7-form-control-wrap\" data-name=\"your-name\"><input size=\"40\" maxlength=\"400\" class=\"wpcf7-form-control wpcf7-text wpcf7-validates-as-required\" aria-required=\"true\" aria-invalid=\"false\" value=\"\" type=\"text\" name=\"your-name\" \/><\/span>\n<\/p>\n<p>E-Mail*:\n<\/p>\n<p><span class=\"wpcf7-form-control-wrap\" data-name=\"your-email\"><input size=\"40\" maxlength=\"400\" class=\"wpcf7-form-control wpcf7-email wpcf7-validates-as-required wpcf7-text wpcf7-validates-as-email\" aria-required=\"true\" aria-invalid=\"false\" value=\"\" type=\"email\" name=\"your-email\" \/><\/span>\n<\/p>\n<p>Web stranica:\n<\/p>\n<p><span class=\"wpcf7-form-control-wrap\" data-name=\"url-63\"><input size=\"40\" maxlength=\"400\" class=\"wpcf7-form-control wpcf7-url wpcf7-text wpcf7-validates-as-url\" aria-invalid=\"false\" value=\"\" type=\"url\" name=\"url-63\" \/><\/span>\n<\/p>\n<p>Dr\u017eava*:\n<\/p>\n<p><span class=\"wpcf7-form-control-wrap\" data-name=\"text-890\"><input size=\"40\" maxlength=\"400\" class=\"wpcf7-form-control wpcf7-text wpcf7-validates-as-required\" aria-required=\"true\" aria-invalid=\"false\" value=\"\" type=\"text\" name=\"text-890\" \/><\/span>\n<\/p>\n<p>Broj mobitela:\n<\/p>\n<p><span class=\"wpcf7-form-control-wrap\" data-name=\"tel-542\"><input size=\"40\" maxlength=\"400\" class=\"wpcf7-form-control wpcf7-tel wpcf7-text wpcf7-validates-as-tel\" aria-invalid=\"false\" value=\"\" type=\"tel\" name=\"tel-542\" \/><\/span>\n<\/p>\n<p>Poruka:\n<\/p>\n<p><span class=\"wpcf7-form-control-wrap\" data-name=\"your-message\"><textarea cols=\"40\" rows=\"10\" maxlength=\"2000\" class=\"wpcf7-form-control wpcf7-textarea\" aria-invalid=\"false\" name=\"your-message\"><\/textarea><\/span>\n<\/p>\n<p><input class=\"wpcf7-form-control wpcf7-submit has-spinner\" type=\"submit\" value=\"Po\u0161alji poruku\" \/>\n<\/p><div class=\"wpcf7-response-output\" aria-hidden=\"true\"><\/div>\n<\/form>\n<\/div>\n\n","protected":false},"excerpt":{"rendered":"<p>Prijavi se, postani na\u0161 novi izvo\u0111a\u010d i napravi prvi korak prema velikoj pozornici. Na\u0161i djelatnici \u0107e Vas kontaktirati u \u0161to je mogu\u0107e kra\u0107em roku. Zajedno \u0107emo kreirati budu\u0107nost. Polja ozna\u010dena zvjezdicom (*) obavezno je ispuniti.<\/p>\n","protected":false},"author":1,"featured_media":0,"parent":0,"menu_order":0,"comment_status":"closed","ping_status":"closed","template":"","meta":{"_aioseop_title":"","_aioseop_description":"","iawp_total_views":0,"footnotes":""},"class_list":["post-644","page","type-page","status-publish"],"_links":{"self":[{"href":"https:\/\/only.com.hr\/koncerti\/wp-json\/wp\/v2\/pages\/644","targetHints":{"allow":["GET"]}}],"collection":[{"href":"https:\/\/only.com.hr\/koncerti\/wp-json\/wp\/v2\/pages"}],"about":[{"href":"https:\/\/only.com.hr\/koncerti\/wp-json\/wp\/v2\/types\/page"}],"author":[{"embeddable":true,"href":"https:\/\/only.com.hr\/koncerti\/wp-json\/wp\/v2\/users\/1"}],"replies":[{"embeddable":true,"href":"https:\/\/only.com.hr\/koncerti\/wp-json\/wp\/v2\/comments?post=644"}],"version-history":[{"count":4,"href":"https:\/\/only.com.hr\/koncerti\/wp-json\/wp\/v2\/pages\/644\/revisions"}],"predecessor-version":[{"id":648,"href":"https:\/\/only.com.hr\/koncerti\/wp-json\/wp\/v2\/pages\/644\/revisions\/648"}],"wp:attachment":[{"href":"https:\/\/only.com.hr\/koncerti\/wp-json\/wp\/v2\/media?parent=644"}],"curies":[{"name":"wp","href":"https:\/\/api.w.org\/{rel}","templated":true}]}}