{"id":584,"date":"2025-07-29T01:33:48","date_gmt":"2025-07-28T23:33:48","guid":{"rendered":"https:\/\/only.com.hr\/koncerti\/?page_id=584"},"modified":"2025-07-29T01:33:48","modified_gmt":"2025-07-28T23:33:48","slug":"uvjeti-koristenja","status":"publish","type":"page","link":"https:\/\/only.com.hr\/koncerti\/uvjeti-koristenja\/","title":{"rendered":"Uvjeti kori\u0161tenja"},"content":{"rendered":"\r\n<p>Interaktivna usluga koju pru\u017ea Only Records putem internetske \r\nstranice www.only.com.hr (dalje u tekstu: Only Records) sastoji se od \r\nupravljanja sadr\u017eajem, provo\u0111enja financijskih transakcija, organizacije\r\n i posredovanja pri prodaji kao i pru\u017eanja usluga putem interneta.<\/p>\r\n\r\n\r\n\r\n<p>Kori\u0161tenjem internetske stranice www.only.com.hr smatra se da ste u \r\npotpunosti upoznati i suglasni s ovdje navedenim Uvjetima \r\nkori\u0161tenja\/Uvjetima prodaje\/Izjavom o povjerljivosti podataka. Ukoliko \r\nse s istima ne sla\u017eete i ne prihva\u0107ate ih, molimo vas da se ne koristite\r\n ovom internetskom stranicom.<\/p>\r\n\r\n\r\n\r\n<p>Uvjeti kori\u0161tenja odnose se na kori\u0161tenje internetskih stranica \r\nwww.only.com.hr od strane korisnika. Svakim daljnjim kori\u0161tenjem ovih \r\nInternetskih stranica nakon upoznavanja s Uvjetima kori\u0161tenja, smatra se\r\n da su korisnici suglasni s ovdje iznesenim uvjetima i pravilima te \r\npristaju na kori\u0161tenje Internetskih stranica sukladno tim uvjetima.<\/p>\r\n\r\n\r\n\r\n<p>Korisnik je odgovoran za za\u0161titu povjerljivosti lozinki\/zaporki koje \r\nse pojavljuju i kreiraju pri kori\u0161tenju usluga koje pru\u017ea Only Records. \r\nTako\u0111er, krajnji korisnik je upoznat i suglasan s \u010dinjenicom da pri \r\nkori\u0161tenju internetskom mre\u017eom ponekad mo\u017ee do\u0107i do tehni\u010dkih problema \r\npri funkcioniranju iste, a s time i do prekida usluga. Takvi i sli\u010dni \r\ndoga\u0111aji su izvan mogu\u0107nosti kontrole od strane Only Records-a, pa iz \r\ntoga razloga Only Records ne mo\u017ee biti odgovoran za bilo kakav gubitak \r\npodataka ili kakav drugi doga\u0111aj do kojeg mo\u017ee do\u0107i za vrijeme pru\u017eanja \r\nusluga od strane Only Records-a.<\/p>\r\n\r\n\r\n\r\n<p>Korisnik je suglasan s time da pristup internet stranici \r\nwww.only.com.hr ponekad mo\u017ee biti u prekidu, privremeno nedostupan ili \r\nisklju\u010den iz razloga kako rutinskog odr\u017eavanja stranice tako i iz drugih\r\n razloga za koje nije odgovoran Only Records. Korisnik ili krajnji \r\nkorisnik je svaka osoba koja na bilo koji na\u010din kako neposredno tako i \r\nposredno koristi ili je koristila usluge Only Records-a.<\/p>\r\n\r\n\r\n\r\n<p>Only Records zadr\u017eava pravo u bilo kojem trenutku izmijeniti ili \r\nukinuti bilo koji segment poslovanja, uklju\u010duju\u0107i, i bez ograni\u010denja, \r\nvrijeme dostupnosti, sadr\u017eaj, kao i opremu potrebnu za pristup ili \r\nkori\u0161tenje internet stranica. Isto tako, Only Records mo\u017ee prestati \r\nslati informacije ili dio informacija, mo\u017ee promijeniti ili ukinuti bilo\r\n koji na\u010din prijenosa podataka, te mo\u017ee promijeniti brzine prijenosa \r\npodataka, kao i bilo koje njihove druge karakteristike.<\/p>\r\n\r\n\r\n\r\n<p>Only Records zadr\u017eava pravo u svakom trenutku, i bez prethodne \r\nobavijesti, ukoliko to smatra potrebnim, ukinuti ili izmijeniti bilo \r\nkoji od ovdje navedenih Uvjeta kori\u0161tenja internetske stranice i\/ili \r\nIzjavu o povjerljivosti podataka.<\/p>\r\n\r\n\r\n\r\n<p>Predmetne izmjene mogu izme\u0111u ostalog uklju\u010divati i uvo\u0111enje \r\nodre\u0111enih naknada ili naplata, stoga savjetujemo korisnike da periodi\u010dno\r\n ponovno detaljno pro\u010ditaju informacije sadr\u017eane u Uvjetima kori\u0161tenja i\r\n Izjavi o povjerljivosti podataka, a kako bi bili informirani o \r\neventualnim promjenama.<\/p>\r\n\r\n\r\n\r\n<p>U slu\u010daju da do\u0111e do promijene Uvjeta kori\u0161tenja i\/ili Izjave o \r\npovjerljivosti podataka, a korisnik nastavi koristiti na\u0161e internetske \r\nstranice, smatra se da prihva\u0107a Uvjete kori\u0161tenja i Izjavu o \r\npovjerljivosti podataka u izmijenjenom obliku. Svaka eventualna izmjena \r\nili brisanje uvjeta kori\u0161tenja va\u017ee\u0107a je prema tre\u0107ima odmah po objavi \r\nna internetskim stranicama www.only.com.hr. Svako kori\u0161tenje, osim \r\nupoznavanja s izmjenama uvjeta, predmetnih internetskih stranica od \r\nstrane krajnjeg korisnika nakon takve promjene podrazumijevat \u0107e se kao \r\nprihva\u0107anje tih promjena.<\/p>\r\n\r\n\r\n\r\n<p>Obveza i du\u017enost korisnika je da koristi internetsku stranicu \r\nwww.only.com.hr isklju\u010divo u skladu s propisima Republike Hrvatske, kao i\r\n s op\u0107im moralnim i eti\u010dkim na\u010delima.<\/p>\r\n\r\n\r\n\r\n<p>Korisnik je isklju\u010divo odgovoran za nabavu i odr\u017eavanje svoje \r\nra\u010dunalne opreme, uklju\u010duju\u0107i cjelokupan hardver i softver koji \r\nposjeduje i koji koristi, kao i drugu opremu potrebnu za pristup i \r\nkori\u0161tenje internetskih stranica www.only.com.hr, isto tako samostalno \r\nsnosi i sve s tim povezane tro\u0161kove. Only Records isklju\u010duje svaku \r\nodgovornost za bilo kakva o\u0161te\u0107enja opreme i drugih stvari krajnjeg \r\nkorisnika koja eventualno mogu nastati kao posljedica kori\u0161tenja \r\ninternetskih stranica www.only.com.hr.<\/p>\r\n\r\n\r\n\r\n<p>Kori\u0161tenjem internetskih stranica www.only.com.hr od strane \r\nkorisnika, smatra se da je korisnik suglasan da sva komunikacija i \r\ninterakcija koja se odvija putem internetskih stranica www.only.com.hr \r\nmora biti u skladu s ovim Uvjetima kori\u0161tenja Korisnici ne smiju putem \r\novih internetskih stranica objavljivati, prenositi ili u\u010diniti \r\ndostupnima na bilo koji na\u010din nikakve materijale \u010dijim sadr\u017eajem se na \r\nbilo koji na\u010din kr\u0161e prava drugih, primjerice, sadr\u017eaj koji je \r\nuvredljiv, klevetni\u010dki, koji naru\u0161ava ili ugro\u017eava privatnost itd., kao \r\nni materijale nezakonitog sadr\u017eaja i forme. Only Records zadr\u017eava \r\ndiskrecijsko pravo da samo ocijeni je li do\u0161lo do povrede obveza od \r\nstrane korisnika.<\/p>\r\n\r\n\r\n\r\n<p>Korisnik ne smije bez prethodnog pismenog odobrenja Only Records-a \r\nobjavljivati, prenositi ili u\u010diniti dostupnima na bilo koji na\u010din \r\nsadr\u017eaj koji sadr\u017ei oglas, reklamu ili ponudu bilo \u010dijih proizvoda i \r\nusluga, kao ni vjersku, politi\u010dku i nekomercijalnu promid\u017ebu, a posebno \r\nne smije vrbovati druge korisnike internetskih stranica www.only.com.hr \r\nda postanu korisnici druge usluge koja je direktna ili indirektna \r\nkonkurencija Only Records-u.<\/p>\r\n\r\n\r\n\r\n<p>Only Records zadr\u017eava diskrecijsko pravo da samostalno ocijeni da li je do\u0161lo do povrede obveza od strane korisnika.<\/p>\r\n\r\n\r\n\r\n<p>Zabranjena je bilo kakva distribucija, kopiranje, prijenos, \r\npovezivanje, objavljivanje ili na bilo koji na\u010din mijenjanje ovih \r\ninternetskih stranica bez pismenog odobrenja Only Records-a. Svako \r\nkr\u0161enje spomenute zabrane mo\u017ee imati za posljedicu povredu autorskih \r\nprava, prava \u017eiga, ili kakvog drugog prava pa stoga mo\u017ee proizvesti \r\nne\u017eeljene u\u010dinke kao \u0161to su pokretanja vi\u0161e vrsta sudskih postupaka, a \r\nosobito mo\u017ee dovesti do kaznenog progona.<\/p>\r\n\r\n\r\n\r\n<p>Korisnik ne smije mijenjati, objavljivati, prenositi, sudjelovati u \r\nprijenosu ili prodaji, stvarati izvedenice, ili na bilo koji drugi na\u010din\r\n iskori\u0161tavati bilo koji sadr\u017eaj sa internetske stranice \r\nwww.only.com.hr, u cijelosti ili djelomi\u010dno. Tako\u0111er nije dozvoljeno \r\nkopiranje, redistribucija, ponovni prijenos, izdavanje ili komercijalno \r\niskori\u0161tavanje preuzetog materijala.<\/p>\r\n\r\n\r\n\r\n<p>Korisnik mo\u017ee sa internetske stranice www.only.com.hr preuzimati, \r\nispisivati i spremati materijale za\u0161ti\u0107ene autorskim pravom samo u svrhu\r\n svoje vlastite i osobne upotrebe.<\/p>\r\n\r\n\r\n\r\n<p>Korisnik se izri\u010dito obvezuje da ne\u0107e na internetskim stranicama \r\nwww.only.com.hr postavljati, objavljivati, ili na bilo koji drugi na\u010din \r\n\u010diniti dostupnima bilo kakav materijal koji podlije\u017ee autorskom pravu, \r\n\u017eigu, ili drugim pravima, bez izri\u010ditog odobrenja nositelja tih prava, \r\nte je kao takav isklju\u010divo odgovoran za eventualnu \u0161tetu nastalu \r\nkr\u0161enjem ove svoje obveze. Do saznanja je li neki od materijala na \r\ninternetskoj stranici za\u0161ti\u0107en nekim od prava, korisnik mora do\u0107i \r\nsamostalno, pa stoga Only Records nije u obvezi takve informacije \r\niznositi ili objaviti.<\/p>\r\n\r\n\r\n\r\n<p>Postavljanjem materijala od strane korisnika bilo kojeg sadr\u017eaja na \r\nbilo koji dio internetskih stranica www.only.com.hr, korisnik jam\u010di da \r\nje nositelj prava na tim materijalima dao Only Records-u pravno valjano,\r\n besplatno, neograni\u010deno pravo\/licencu na kori\u0161tenje, reprodukciju, \r\nmodificiranje, prilago\u0111avanje, objavljivanje, prevo\u0111enje i distribuciju \r\ntakvog materijala. Drugi korisnici imaju pravo pristupanja, pregledanja,\r\n spremanja ili reprodukcije tog materijala samo za njihovu vlastitu i \r\nosobnu upotrebu.<\/p>\r\n\r\n\r\n\r\n<p>Korisnik je suglasan da je kori\u0161tenje internetskih stranica \r\nwww.only.com.hr isklju\u010divo na njegovu vlastitu odgovornost. Only \r\nRecords, kao niti jedna tre\u0107a osoba povezana sa njome, ne jam\u010de ni na \r\nkoji na\u010din da upotreba ove internetske stranice ne\u0107e biti prekinuta, ili\r\n da \u0107e biti bez pote\u0161ko\u0107a u radu. Isto tako Only Records nije odgovoran \r\nza posljedice koje mogu nastati upotrebom ove internetske stranice, kao \r\nni za to\u010dnost, pouzdanost ili sadr\u017eaj bilo koje informacije, usluge ili \r\nrobe dane preko ovih internetskih stranica.<\/p>\r\n\r\n\r\n\r\n<p>Ova izjava o odgovornosti odnosi se na sve eventualno nastale \u0161tete \r\nili mogu\u0107e ozljede uzrokovane bilo kakvom gre\u0161kom, brisanjem, prekidom, \r\nra\u010dunalnim virusom, kvarom, ka\u0161njenjem u radu ili prijenosu, prekidom u \r\nkomunikacijskoj liniji, kra\u0111om, raskidom ugovora, uni\u0161tenjem ili \r\nneovla\u0161tenim pristupom, promjenama ili zlouporabom zapisa, neprikladnim \r\npona\u0161anjem, nemarom, ili bilo kakvom drugom radnjom. Korisnik je \r\nsuglasan da Only Records nije odgovoran za neprikladno ili protuzakonito\r\n pona\u0161anje drugih korisnika ili tre\u0107ih strana te da je rizik od \r\neventualnih \u0161teta u potpunosti na korisniku.<\/p>\r\n\r\n\r\n\r\n<p>Only Records nije ni u kojem slu\u010daju odgovoran za bilo kakvu \u0161tetu \r\nkoja mo\u017ee nastati kao posljedica kori\u0161tenja, ili zbog nemogu\u0107nosti \r\nkori\u0161tenja internetskih stranica www.only.com.hr djelomi\u010dno ili u \r\ncijelosti.<\/p>\r\n\r\n\r\n\r\n<p>Only Records nije odgovoran za bilo kakav sadr\u017eaj koji korisnik, \r\npretplatnik, ili neovla\u0161teni korisnik mo\u017ee postaviti na internetske \r\nstranice www.only.com.hr. Bilo kakav sadr\u017eaj koji nije u skladu s \r\nuvjetima kori\u0161tenja u svakom trenutku mo\u017ee biti uklonjen ili promijenjen\r\n bez posebne najave ili obrazlo\u017eenja.<\/p>\r\n\r\n\r\n\r\n<p>Only Records mo\u017ee u svakom trenutku vr\u0161iti kontrolu sadr\u017eaja na \r\ninternetskim stranicama www.only.com.hr, posebno interaktivnog djela, a s\r\n ciljem da osigura po\u0161tivanje kako ovih uvjeta kori\u0161tenja tako i \r\npo\u0161tivanje pozitivnih propisa Republike Hrvatske. Shodno tome Only \r\nRecords zadr\u017eava pravo uklanjanja bilo kojeg materijala za koji prema \r\nvlastitoj diskrecijskoj ocjeni utvrdi da nije u skladu s ovdje \r\npostavljenim uvjetima, kao i ukinuti lozinke\/zaporke ili korisni\u010dke \r\nra\u010dune korisnika.<\/p>\r\n\r\n\r\n\r\n<p>Korisnik je suglasan da su sve interaktivne opcije, a posebno \r\nkomunikacija putem privatnih poruka, chata, foruma ili drugi na\u010dini \r\nslanja poruka ili me\u0111usobnog komuniciranja javnog karaktera i nemaju \r\nstatus povjerljivih informacija pa stoga Only Records mo\u017ee nadzirati \r\nsadr\u017eaj komunikacije korisnika bez njihovog znanja i posebnog odobrenja.\r\n Po\u0161to Only Records obavezno ne kontrolira ili autorizira sadr\u017eaj poruka\r\n ili informacija koje se mogu na\u0107i na internetskim stranicama \r\nwww.only.com.hr, Only Records nije odgovoran kako za radnje koje \r\nkorisnik poduzima u bilo u bilo kojem djelu internetskih stranica \r\nwww.only.com.hr, tako i za sadr\u017eaj koji bi korisnik mogao postaviti na \r\nistima.<\/p>\r\n\r\n\r\n\r\n<p>Objavljivanjem komentara, poruka ili drugih informacija na \r\ninternetskim stranicama www.only.com.hr, smatra se da korisnik daje Only\r\n Records-u pravo kori\u0161tenja tih komentara, poruka ili informacija u \r\nsvrhu promocije, ogla\u0161avanja, istra\u017eivanja tr\u017ei\u0161ta, ili bilo koju drugu \r\npravno dozvoljenu namjenu.<\/p>\r\n\r\n\r\n\r\n<p>Korisnik izri\u010dito izjavljuje da ne\u0107e smatrati odgovornim Only \r\nRecords, njegove podru\u017enice, odgovorne osobe u dru\u0161tvu, zaposlenike i \r\nagente za naknadu eventualne \u0161tete i tro\u0161kova, uklju\u010duju\u0107i i tro\u0161kove \r\npravnog zastupanja, a koji bi mogli nastati kori\u0161tenjem internetskim \r\nstranicama www.only.com.hr od strane korisnika.<\/p>\r\n\r\n\r\n\r\n<p>Only Records mo\u017ee u svako doba raskinuti poslovni odnos s bilo kojim \r\nsvojim korisnikom te mu ukinuti lozinke\/zaporke ili korisni\u010dke ra\u010dune. U\r\n tom slu\u010daju ne prestaju vrijediti uvjeti koji se odnose na odgovornost i\r\n obveze korisnika. Only Records ne jam\u010di za to\u010dnost, potpunost ili \r\nkorisnost bilo kojeg sadr\u017eaja na internetskim stranicama www.only.com.hr\r\n postavljenog od strane korisnika, tre\u0107ih osoba ili neovla\u0161tenih \r\nkorisnika.<\/p>\r\n\r\n\r\n\r\n<p>Only Records nije odgovoran za bilo kakav eventualni gubitak ili \r\n\u0161tetu nastalu iz razloga \u0161to se korisnik oslonio na informacije dobivene\r\n na internetskim stranicama www.only.com.hr.<\/p>\r\n\r\n\r\n\r\n<p>Only Records se izri\u010dito ogra\u0111uje u svakom smislu od sadr\u017eaja \r\nmaterijala na internet stranicama tre\u0107ih strana, a na koje bi se moglo \r\npristupiti sa internetske stranice www.only.com.hr. U slu\u010daju da \r\nkorisnik pristupiti internet stranicama tre\u0107ih strana, isti to \u010dini \r\nisklju\u010divo i samo na vlastitu odgovornost, \u0161to podrazumijeva svako \r\nisklju\u010denje odgovornosti Only Records-a.<\/p>\r\n\r\n\r\n\r\n<p>U slu\u010daju da je neka od stavki ovih uvjeta kori\u0161tenja ni\u0161tava, takva \r\nni\u0161tavost ne\u0107e utjecati na valjanost bilo koje druge odredbe ovih \r\nuvjeta, te \u0107e preostali dijelovi ovih Uvjeta \u0107e ostati na snazi, a \r\nni\u0161tava odredba \u0107e se zamijeniti valjanom odredbom koja po smislu i \r\npravoj volji najvi\u0161e odgovara odredbi koja je ni\u0161tava. Ukoliko bilo koja\r\n strana ne iskoristi svoja prava iz ovih uvjeta kori\u0161tenja, to se ne\u0107e \r\nsmatrati odricanjem ili gubitkom tih prava, kao ni bilo kojih drugih \r\novdje navedenih prava.<\/p>\r\n\r\n\r\n\r\n<p>Zabranjeno je kori\u0161tenje internetske stranice www.only.com.hr osobama\r\n mla\u0111im od 14. godina. Registracijom\/otvaranjem korisni\u010dkog ra\u010duna na \r\ninternetskoj stranici www.only.com.hr smatra se da je korisnik ove \r\nUvjete kori\u0161tenja u cijelosti pro\u010ditao.<\/p>\r\n","protected":false},"excerpt":{"rendered":"<p>Interaktivna usluga koju pru\u017ea Only Records putem internetske stranice www.only.com.hr (dalje u tekstu: Only Records) sastoji se od upravljanja sadr\u017eajem, provo\u0111enja financijskih transakcija, organizacije i posredovanja pri prodaji kao i pru\u017eanja usluga putem interneta. Kori\u0161tenjem internetske stranice www.only.com.hr smatra se da ste u potpunosti upoznati i suglasni s ovdje navedenim Uvjetima kori\u0161tenja\/Uvjetima prodaje\/Izjavom o povjerljivosti [&hellip;]<\/p>\n","protected":false},"author":1,"featured_media":0,"parent":0,"menu_order":0,"comment_status":"closed","ping_status":"closed","template":"template-fullwidth.php","meta":{"_aioseop_title":"","_aioseop_description":"","iawp_total_views":0,"footnotes":""},"class_list":["post-584","page","type-page","status-publish"],"_links":{"self":[{"href":"https:\/\/only.com.hr\/koncerti\/wp-json\/wp\/v2\/pages\/584","targetHints":{"allow":["GET"]}}],"collection":[{"href":"https:\/\/only.com.hr\/koncerti\/wp-json\/wp\/v2\/pages"}],"about":[{"href":"https:\/\/only.com.hr\/koncerti\/wp-json\/wp\/v2\/types\/page"}],"author":[{"embeddable":true,"href":"https:\/\/only.com.hr\/koncerti\/wp-json\/wp\/v2\/users\/1"}],"replies":[{"embeddable":true,"href":"https:\/\/only.com.hr\/koncerti\/wp-json\/wp\/v2\/comments?post=584"}],"version-history":[{"count":1,"href":"https:\/\/only.com.hr\/koncerti\/wp-json\/wp\/v2\/pages\/584\/revisions"}],"predecessor-version":[{"id":585,"href":"https:\/\/only.com.hr\/koncerti\/wp-json\/wp\/v2\/pages\/584\/revisions\/585"}],"wp:attachment":[{"href":"https:\/\/only.com.hr\/koncerti\/wp-json\/wp\/v2\/media?parent=584"}],"curies":[{"name":"wp","href":"https:\/\/api.w.org\/{rel}","templated":true}]}}