{"id":3,"date":"2025-07-01T16:12:21","date_gmt":"2025-07-01T16:12:21","guid":{"rendered":"https:\/\/only.com.hr\/koncerti\/?page_id=3"},"modified":"2025-07-29T01:31:59","modified_gmt":"2025-07-28T23:31:59","slug":"povjerljivost-podataka","status":"publish","type":"page","link":"https:\/\/only.com.hr\/koncerti\/povjerljivost-podataka\/","title":{"rendered":"Povjerljivost podataka"},"content":{"rendered":"\r\n<p>Ova Izjava o povjerljivosti podataka (dalje u tekstu: Izjava) odnosi \r\nse na povjerljivost podataka koji su kori\u0161tenjem internetskih stranica \r\nwww.only.com.hr od strane korisnika, prikupljeni i pohranjeni u bazama \r\npodataka Only Records-a.<\/p>\r\n\r\n\r\n\r\n<p>Prikupljeni podaci se dijele na osobne i neosobne infomacije. Only \r\nRecords kao pru\u017eatelj usluga internetskih stranica www.only.com.hr ula\u017ee\r\n maksimalne napore radi za\u0161tite Va\u0161e privatnosti kad ste \u201conline\u201d kao \r\nkorisnik. Kako biste lak\u0161e razumjeli koje informacije prikupljamo i kako\r\n koristimo te informacije od Vas se tra\u017ei da pa\u017eljivo pro\u010ditajte ovu \r\nIzjavu.<\/p>\r\n\r\n\r\n\r\n<p>Zadr\u017eavamo diskrecijsko pravo da ovu Izjavu mo\u017eemo izmijeniti u svako\r\n doba, te da tako izmijenjen tekst postaje va\u017ee\u0107i odmah po objavi istog \r\nna internetskim stranicama www.only.com.hr. Nastavak Va\u0161eg kori\u0161tenja \r\nove Internetske stranice nakon izmjena, podrazumijeva da prihva\u0107ate sve \r\nuvjete tako izmijenjene Izjave. Stoga savjetujemo korisnike da \r\nperiodi\u010dno ponovno detaljno pro\u010ditaju informacije sadr\u017eane u Izjavi, a \r\nkako bi bili informirani o eventualnim promjenama.<\/p>\r\n\r\n\r\n\r\n<p>\u02ddOsobne informacije\u02dd su informacije koje odre\u0111uju to\u010dno pojedinog \r\nkorisnika. Prilikom kori\u0161tenja internetskih stranicama www.only.com.hr \r\nmo\u017eemo Vas za kori\u0161tenje odre\u0111ene opcije zatra\u017eiti odre\u0111ene osobne \r\ninformacije, kao \u0161to su ime i prezime, adresa stanovanja, email adresa, \r\ntelefonski broj, datum ro\u0111enja i sl. Pri kori\u0161tenju opcije \r\nnaru\u010divanja\/rezerviranja ponude proizvoda\/usluge mo\u017eemo Vas zatra\u017eiti da\r\n nam date informacije o broju va\u0161e kreditne kartice, datumu valjanosti, \r\nkod za autorizaciju te druge s tim povezane informacije. Ovisno o \r\nvrstama opcija koje \u017eelite koristiti na internetskim stranicama \r\nwww.only.com.hr neke informacije su odre\u0111ene kao obavezne, a neke kao \r\ndobrovoljne. U slu\u010daju da ne u\u010dinite dostupnima obavezne informacije za \r\nodre\u0111enu opciju koja ih zahtijeva, ne\u0107e vam biti dopu\u0161teno kori\u0161tenje te\r\n opcije.<\/p>\r\n\r\n\r\n\r\n<p>Osobne informacije koristimo isklju\u010divo i samo kako bi Vam ponudili \r\nproizvode\/usluge, unaprijedili rad internetskih stranicama \r\nwww.only.com.hr, osigurali provedbu administracijskih zadataka, \r\nuspostavljanje kontakta s vama, pobolj\u0161ali na\u0161e ogla\u0161iva\u010dke i \r\npromocijske rezultate te pobolj\u0161ali na\u0161u ponudu proizvoda\/usluga na \r\ntr\u017ei\u0161tu, kao i u svrhu suradnje sa institucijama odgovornih za \r\nprovo\u0111enje zakona. Zadr\u017eavamo pravo da Va\u0161e osobne informacije priop\u0107imo\r\n samo financijskoj instituciji (banci) i Partneru od kojega ste kupili \r\nodre\u0111eni proizvod\/uslugu i to isklju\u010divo u svrhu realizacije kupnje. \r\nOnly Records se ogra\u0111uje od eventualnog kori\u0161tenja osobnih informacija \r\nod strane drugih osoba u bilo koje druge svrhe od navedene, te stoga ne \r\nmo\u017ee biti ni odgovorna za eventualnu \u0161tetu.<\/p>\r\n\r\n\r\n\r\n<p>\u02ddNeosobne informacije\u02dd su informacije koje ne odre\u0111uju to\u010dno \r\npojedinog korisnika. Ove informacije odnose se primjerice na podatke \r\nkoju ste internetsku stranicu posjetili prije ili poslije nego li ste \r\nposjetili internetsku stranicu www.only.com.hr, vrstu pretra\u017eiva\u010da kojeg\r\n koristite te va\u0161u Internet Protocol (IP) adresu. Ova vrsta informacija \r\nmo\u017ee se uz pomo\u0107 elektronskih alata automatski prikupljati u trenutku \r\nkad posjetite internetsku stranicama www.only.com.hr. Neosobne \r\ninformacije mo\u017eemo bez ograni\u010denja koristiti za rje\u0161avanje problema \r\nadministriranja internetske stranice www.only.com.hr, kako bismo \r\npobolj\u0161ali na\u0161e ogla\u0161iva\u010dke i promocijske rezultate te pobolj\u0161ali na\u0161u \r\nponudu proizvoda\/usluga na tr\u017ei\u0161tu, analizu trendova, skupljanje \r\ndemografskih podataka, analizu sukladnosti s pozitivnim propisima i \r\nsuradnju sa institucijama odgovornih za provo\u0111enje zakona.<\/p>\r\n\r\n\r\n\r\n<p>\u201cAdministrativne e-mail poruke\u201d odnose se na korisni\u010dku aktivnost na \r\ninternetskoj stranici www.only.com.hr i uklju\u010duju poruke u vezi s \r\nodre\u0111enim korisni\u010dkim ra\u010dunima, zahtjeve ili upite te poruke u vezi s \r\nkupnjom proizvoda\/usluga. Primanje ove vrste poruka je obavezno te se \r\nopcija primanja ne mo\u017ee isklju\u010diti od strane korisnika.<\/p>\r\n\r\n\r\n\r\n<p>\u02ddPromotivne email poruke\u02dd ogla\u0161avaju proizvode\/usluge iz ponude, \r\ntakve poruke \u0161alju se korisnicima koji su odabrali opciju primanja \r\nPromotivnih email poruka. U slu\u010daju da ne \u017eelite primati takve poruke u \r\nbilo kojem trenutku nakon registriranja mo\u017eete otkazati primanje \r\nPromotivnih email poruka slanjem email poruke s takvim zahtjevom na na\u0161u\r\n email adresu.<\/p>\r\n\r\n\r\n\r\n<p>Va\u0161im osobnim informacijama na internetskoj stranici www.only.com.hr \r\nmo\u017eete pristupiti pomo\u0107u zaporke i korisni\u010dkog imena. S obzirom da je \r\nzaporka kriptirana preporu\u010damo da nikome ne otkrivate va\u0161u zaporku. Va\u0161e\r\n osobne informacije se \u010duvaju na serveru kojemu mogu pristupiti samo \r\novla\u0161tene osobe. Odre\u0111ene osjetljive informacije se kriptiraju koriste\u0107i\r\n Secure Socket Layer (SSL) tehnologiju, na taj na\u010din nastojimo osigurati\r\n da su Va\u0161e osobne informacije van dosega neovla\u0161tenom kori\u0161tenju.<\/p>\r\n\r\n\r\n\r\n<p>Zbog prirode internetske mre\u017ee ne mo\u017eemo jam\u010diti potpunu za\u0161titu bilo\r\n koje informacije prenesene na, ili s internetske stranice \r\nwww.only.com.hr pa stoga nismo odgovorni za bilo kakve eventualne \u0161tetne\r\n radnje bilo koje tre\u0107e osobe koja takve povjerljive informacije \r\nneovla\u0161teno primi i koristi ili neovla\u0161teno otu\u0111i. Informacije koje ste \r\nobjavili na javnim dijelovima internetske stranice www.only.com.hr mogu \r\ntako\u0111er biti dostupne drugim korisnicima i tre\u0107im osobama, te se kao \r\ntakve mogu bez Va\u0161eg znanja pojaviti na drugim internetskim stranicama \r\nili web pretra\u017eiva\u010dima, ni u tom slu\u010daju nismo odgovorni za bilo kakvu \r\neventualnu \u0161tetu. Ova Izjava odnosi se samo na kori\u0161tenje informacija \r\nkoje prikupljamo od Vas kao korisnika internetske stranice \r\nwww.only.com.hr. Druge internetske stranice kojima se mo\u017ee pristupiti \r\nputem internetske stranice www.only.com.hr imaju svoje vlastite izjave o\r\n povjerljivosti podataka. S obzirom da Only Records nije ni na koji \r\nna\u010din odgovoran za na\u010dine i uvjete rada tre\u0107ih osoba, preporu\u010dujemo Vam \r\nda prije po\u010dinjanja kori\u0161tenja tih drugih internet stranica pregledate \r\npa\u017eljivo izjavu o povjerljivosti podataka te stranice.<\/p>\r\n\r\n\r\n\r\n<p>Ako imate bilo kakva pitanja u vezi povjerljivosti podataka, ili ako \r\n\u017eelite promijeniti ili a\u017eurirati neke od podataka molimo vas dan nam \r\npo\u0161aljete email poruku s potrebnim informacijama na na\u0161u email adresu.<\/p>\r\n\r\n\r\n\r\n<p>Registracijom\/otvaranjem korisni\u010dkog ra\u010duna na internetskoj stranici \r\nwww.only.com.hr smatra se da je korisnik ovu Izjavi o povjerljivosti \r\npodataka u cijelosti pro\u010ditao, razumio i prihvatio.<\/p>\r\n","protected":false},"excerpt":{"rendered":"<p>Ova Izjava o povjerljivosti podataka (dalje u tekstu: Izjava) odnosi se na povjerljivost podataka koji su kori\u0161tenjem internetskih stranica www.only.com.hr od strane korisnika, prikupljeni i pohranjeni u bazama podataka Only Records-a. Prikupljeni podaci se dijele na osobne i neosobne infomacije. Only Records kao pru\u017eatelj usluga internetskih stranica www.only.com.hr ula\u017ee maksimalne napore radi za\u0161tite Va\u0161e privatnosti [&hellip;]<\/p>\n","protected":false},"author":1,"featured_media":0,"parent":0,"menu_order":0,"comment_status":"closed","ping_status":"open","template":"template-fullwidth.php","meta":{"_aioseop_title":"","_aioseop_description":"","iawp_total_views":0,"footnotes":""},"class_list":["post-3","page","type-page","status-publish"],"_links":{"self":[{"href":"https:\/\/only.com.hr\/koncerti\/wp-json\/wp\/v2\/pages\/3","targetHints":{"allow":["GET"]}}],"collection":[{"href":"https:\/\/only.com.hr\/koncerti\/wp-json\/wp\/v2\/pages"}],"about":[{"href":"https:\/\/only.com.hr\/koncerti\/wp-json\/wp\/v2\/types\/page"}],"author":[{"embeddable":true,"href":"https:\/\/only.com.hr\/koncerti\/wp-json\/wp\/v2\/users\/1"}],"replies":[{"embeddable":true,"href":"https:\/\/only.com.hr\/koncerti\/wp-json\/wp\/v2\/comments?post=3"}],"version-history":[{"count":2,"href":"https:\/\/only.com.hr\/koncerti\/wp-json\/wp\/v2\/pages\/3\/revisions"}],"predecessor-version":[{"id":583,"href":"https:\/\/only.com.hr\/koncerti\/wp-json\/wp\/v2\/pages\/3\/revisions\/583"}],"wp:attachment":[{"href":"https:\/\/only.com.hr\/koncerti\/wp-json\/wp\/v2\/media?parent=3"}],"curies":[{"name":"wp","href":"https:\/\/api.w.org\/{rel}","templated":true}]}}